{"id":3,"date":"2024-02-08T15:03:13","date_gmt":"2024-02-08T14:03:13","guid":{"rendered":"https:\/\/neu.gmc-ev.de\/?page_id=3"},"modified":"2024-02-08T21:42:59","modified_gmt":"2024-02-08T20:42:59","slug":"datenschutzerklaerung","status":"publish","type":"page","link":"https:\/\/neu.gmc-ev.de\/?page_id=3","title":{"rendered":"Datenschutzerkl\u00e4rung"},"content":{"rendered":"\n<p><strong>Informationspflichten nach Art. 12 ff. EU-DSGVO<\/strong><br><br><strong>I. Name und Kontaktdaten des Verantwortlichen<\/strong><br><br>Verantwortlicher im Sinne des Art. 4 Nr. 7 DSGVO, an den Sie sich bei Fragen oder einem anderen Anliegen zum Datenschutz wenden k\u00f6nnen, ist:<br><br>GMC Gr\u00f6mitzer Motoryachtclub e.V<br>Vertreden durch den Vorstand gem. \u00a726 BGB<br>Peter Menning, 1. Vorsitzende<br>Petra Steuber, 2. Vorsitzende<br>Wolfgang N\u00f6tzel, Schatzmeister<br>Nico Polzin, Fahrtensportleiter<br>Dennis Ideler, Beisitzer<br><br>(im Folgenden als \u201ewir\u201c, \u201euns\u201c oder \u201eunser\u201c bezeichnet).<br><br>Die Kontaktdaten des Vorstandes finden Sie <a href=\"https:\/\/neu.gmc-ev.de\/?page_id=10#vorstand\">hier<\/a>. Bei jeglichen Fragen zum Thema Datenschutz wenden Sie sich gerne an:<br>datenschutz@neu.gmc-ev.de.<br><\/p>\n\n\n\n<p><strong>II. Allgemeines zu Datenverarbeitung<\/strong><br><br><strong>1. Umfang<\/strong><\/p>\n\n\n\n<p>Wir verarbeiten Ihre personenbezogenen Daten grunds\u00e4tzlich nur, soweit dies zur funktionsf\u00e4higen Bereitstellung unserer Webseite sowie unserer Inhalte und Leistungen erforderlich ist.<\/p>\n\n\n\n<p><strong>2. Rechtsgrundlage<\/strong><\/p>\n\n\n\n<p>Soweit wir f\u00fcr die Verarbeitung Ihrer personenbezogenen Daten eine Einwilligung von Ihnen einholen, ist die Rechtsgrundlage f\u00fcr die Verarbeitung Art. 6 Abs. 1 S. 1 lit. a) EU-DSGVO.<\/p>\n\n\n\n<p>Erfolgt die Verarbeitung Ihrer personenbezogenen Daten zur Erf\u00fcllung eines Vertrages mit Ihnen oder im Rahmen der Anbahnung einer Vertragsbeziehung, ist die Rechtsgrundlage f\u00fcr die Verarbeitung Art. 6 Abs. 1 S. 1 lit. b) EU-DSGVO.<\/p>\n\n\n\n<p>Soweit eine Verarbeitung personenbezogener Daten zur Erf\u00fcllung einer uns obliegenden rechtlichen Verpflichtung erforderlich ist, ist die Rechtsgrundlage f\u00fcr die Verarbeitung Art. 6 Abs. 1 S. 1 lit. c) EU-DSGVO.<\/p>\n\n\n\n<p>Erfolgt die Verarbeitung Ihrer personenbezogenen Daten zur Wahrung der berechtigten Interessen von uns oder eines Dritten, wobei Ihre Interessen, Grundrechte und Grundfreiheiten das erstgenannte Interesse nicht \u00fcberwiegen, ist die Rechtsgrundlage f\u00fcr die Verarbeitung Art. 6 Abs. 1 S. 1 lit. f) EU-DSGVO.<\/p>\n\n\n\n<p><strong>3. Speicherdauer<\/strong><\/p>\n\n\n\n<p>Ihre personenbezogenen Daten werden gel\u00f6scht, sobald der Zweck f\u00fcr die Speicherung entf\u00e4llt oder, sollte Ihnen ein Widerrufsrecht zustehen, Sie den Widerruf der Einwilligung erkl\u00e4ren. Eine Speicherung kann dar\u00fcber hinaus erfolgen, wenn dies durch den europ\u00e4ischen oder nationalen Gesetzgeber in unionsrechtlichen Verordnungen, Gesetzen oder sonstigen Vorschriften, denen wir unterliegen, festgelegt wurde. In diesem Fall werden Ihre personenbezogenen Daten jedoch gesperrt.<\/p>\n\n\n\n<p><strong>4. Externe Verlinkungen<\/strong><\/p>\n\n\n\n<p>Wenn wir Links zu externen Webseiten bereitstellen, gilt diese Datenschutzerkl\u00e4rung nicht f\u00fcr die Verarbeitung Ihrer personenbezogenen Daten durch den Verantwortlichen der verlinkten Webseite. Wir empfehlen Ihnen daher, die Datenschutzhinweise auf der extern von Ihnen besuchten Webseite zu lesen. Sofern diese Verlinkung eine Rechtsgrundlage f\u00fcr die hierdurch entstehende Verarbeitung Ihrer personenbezogenen Daten ben\u00f6tigt, ist dies Ihre Einwilligung gem\u00e4\u00df Art. 6 Abs. 1 S. 1 lit. a) EU-DSGVO, die Sie durch das Klicken der Verlinkung geben.<\/p>\n\n\n\n<p>F\u00fcr gew\u00f6hnlich werden durch das Klicken der Verlinkung (Hyperlink) folgende Ihrer personenbezogenen Daten verarbeitet:<\/p>\n\n\n\n<ul class=\"wp-block-list\">\n<li>IP-Adresse;<\/li>\n\n\n\n<li>Bildschirmaufl\u00f6sung;<\/li>\n\n\n\n<li>Verwendeter Browser;<\/li>\n\n\n\n<li>Bandbreite;<\/li>\n\n\n\n<li>Spracheinstellungen.<\/li>\n<\/ul>\n\n\n\n<p><strong>III. Datenverarbeitungen auf unserer Webseite<\/strong><br><br><strong>1. Webseitenfunktionen<\/strong><\/p>\n\n\n\n<p><strong>a. Bereitstellung der Webseite und Erstellung von Logfiles<\/strong><\/p>\n\n\n\n<p>(1) Beschreibung und Umfang<\/p>\n\n\n\n<p>Im Rahmen der Bereitstellung unserer Webseite verarbeiten wir Ihre personenbezogenen Daten, um eine fehlerfreie Auslieferung unserer Webseite an Ihren PC oder Ihr Mobile Device zu erm\u00f6glichen. Hierbei m\u00fcssen teilweise Ihre personenbezogenen Daten f\u00fcr die Dauer einer Sitzung gespeichert werden.<\/p>\n\n\n\n<p>Wir speichern Ihre personenbezogenen Daten zudem vor\u00fcbergehend in Logfiles, um die Funktionsf\u00e4higkeit unserer Webseite und die Sicherheit unserer IT-Systeme zu gew\u00e4hrleisten. Eine anderweitige Verarbeitung Ihrer personenbezogenen Daten in Logfiles findet nicht statt.<\/p>\n\n\n\n<p>Folgende Ihrer personenbezogenen Daten werden f\u00fcr die Bereitstellung der Webseite und zur Erstellung von Logfiles verarbeitet:<\/p>\n\n\n\n<p>\u2022 IP-Adresse;<br>\u2022 Zugriffsdatum;<br>\u2022 Zugriffszeitpunkt;<br>\u2022 Ggf. zuvor besuchte Webseite;<br>\u2022 Verwendeter Browser;<br>\u2022 Verwendetes Betriebssystem;<\/p>\n\n\n\n<p>(2) Rechtsgrundlage<\/p>\n\n\n\n<p>Berechtigtes Interesse, Art. 6 Abs. 1 S. 1 lit. f) EU-DSGVO.<\/p>\n\n\n\n<p>(3) Zweck<\/p>\n\n\n\n<p>Der Zweck der Datenverarbeitung liegt in der Bereitstellung der Webseite, der Gew\u00e4hrleistung der Funktionsf\u00e4higkeit der Webseite und der Sicherheit der hierf\u00fcr genutzten IT-Systeme.<\/p>\n\n\n\n<p>Im Zweck liegt gleichzeitig auch unser berechtigtes Interesse.<\/p>\n\n\n\n<p>(4) Speicherdauer<\/p>\n\n\n\n<p>Ihre personenbezogenen Daten werden in Logfiles f\u00fcr die Dauer der Sitzung oder f\u00fcr die Dauer von 10 Tagen gespeichert. Dar\u00fcber hinaus werden Ihre personenbezogenen Daten im Rahmen der Bereitstellung der Webseite nur f\u00fcr die Dauer der Sitzung gespeichert.<\/p>\n\n\n\n<p>(5) Widerspruchs- und Beseitigungsm\u00f6glichkeit<\/p>\n\n\n\n<p>Die Verarbeitung Ihrer personenbezogenen Daten und die Speicherung Ihrer personenbezogenen Daten in Logfiles ist f\u00fcr die Bereitstellung der Webseite, die Gew\u00e4hrleistung der Funktionsf\u00e4higkeit der Webseite und die Gew\u00e4hrleistung der genutzten IT-Systeme zwingend erforderlich. Es besteht f\u00fcr Sie folglich keine Widerspruchsm\u00f6glichkeit.<\/p>\n\n\n\n<p><strong>b. Technisch-notwendige Cookies<\/strong><\/p>\n\n\n\n<p>(1) Beschreibung und Umfang<\/p>\n\n\n\n<p>Im Rahmen von technisch-notwendigen Cookies verarbeiten wir Ihre personenbezogenen Daten, weil viele Funktionen und Dienste unserer Webseite, die Ihnen die Nutzung unserer Webseite erleichtern oder \u00fcberhaupt erst erm\u00f6glichen, ohne Cookies (sog. \u201etechnisch-notwendige Cookies\u201c) nicht ordnungsgem\u00e4\u00df funktionieren.<\/p>\n\n\n\n<p>Mittels dieser technisch-notwendigen Cookies speichern wir teilweise personenbezogene Daten von Ihnen, die allerdings nur zum Einsatz dieser Funktionen und Dienste verwendet werden. Eine anderweitige Verarbeitung Ihrer personenbezogenen Daten findet nicht statt.<\/p>\n\n\n\n<p>Eine Auflistung der von uns genutzten technisch-notwendigen Cookies, deren Zweck, Speicherdauer sowie weitere Informationen finden Sie am Ende der Datenschutzhinweise.<\/p>\n\n\n\n<p>Folgende personenbezogene Daten werden im Rahmen des Einsatzes von technisch-notwendigen Cookies verarbeitet:<\/p>\n\n\n\n<p>\u2022 IP-Adresse;<br>\u2022 Spracheinstellungen Ihres Browsers;<br>\u2022 Verwendeter Browser;<br>\u2022 Warenkorb-Informationen.<\/p>\n\n\n\n<p>(2) Rechtsgrundlage<\/p>\n\n\n\n<p>Berechtigtes Interesse, \u00a7 25 Abs. 2 TTDSG i.V.m. Art. 6 Abs. 1 S. 1 lit. f) EU-DSGVO.<\/p>\n\n\n\n<p>(3) Zweck<\/p>\n\n\n\n<p>Der Zweck der Datenverarbeitung liegt in der Bereitstellung der Funktionen und Dienste unserer Webseite.<\/p>\n\n\n\n<p>Im Zweck liegt gleichzeitig auch unser berechtigtes Interesse.<\/p>\n\n\n\n<p>(4) Speicherdauer<\/p>\n\n\n\n<p>In der Regel f\u00fcr die Dauer der jeweiligen Sitzung, sofern sich aus den Detailinformationen der Auflistung der von uns genutzten technisch-notwendigen Cookies nichts anderes ergibt.<\/p>\n\n\n\n<p>(5) Widerspruchs- und Beseitigungsm\u00f6glichkeit<\/p>\n\n\n\n<p>Technisch-notwendige Cookies werden auf Ihrem PC oder Mobile Device gespeichert und von diesem an unsere Webseite \u00fcbermittelt. Daher haben Sie die volle Kontrolle \u00fcber die Verwendung von technisch-notwendigen Cookies.<\/p>\n\n\n\n<p>Durch eine \u00c4nderung der Einstellungen in Ihrem Browser k\u00f6nnen Sie die \u00dcbertragung von Cookies deaktivieren oder einschr\u00e4nken. Bereits gespeicherte Cookies k\u00f6nnen Sie jederzeit l\u00f6schen. Dies kann auch automatisiert erfolgen. Werden Cookies f\u00fcr unsere Webseite deaktiviert, k\u00f6nnen m\u00f6glicherweise nicht mehr alle Funktionen der Webseite vollumf\u00e4nglich genutzt werden.<\/p>\n\n\n\n<p><strong>c. Datenverarbeitung im Rahmen des Bewerbungsverfahrens<\/strong><\/p>\n\n\n\n<p>(1) Beschreibung und Umfang<\/p>\n\n\n\n<p>Wir bieten auf unserer Webseite die M\u00f6glichkeit an, sich direkt \u00fcber die Webseite auf eine unserer vakanten Stellen zu bewerben. Dabei kommt es zur Verarbeitung der personenbezogenen Daten, die Sie uns im Rahmen Ihrer Bewerbung zur Verf\u00fcgung stellen.<\/p>\n\n\n\n<p>(2) Rechtsgrundlage<\/p>\n\n\n\n<p>Einwilligung, Art. 6 Abs. 1 S. 1 lit. a ) EU-DSGVO, Art. 88 Abs. 1 EU-DSGVO i.V.m. \u00a7 26 Abs. 2 BDSG, oder<\/p>\n\n\n\n<p>Bei der Verarbeitung von besonderen Kategorien personenbezogener Daten:<br>Einwilligung, Art. 9 Abs. 2 lit. a ) EU-DSGVO.<\/p>\n\n\n\n<p>Begr\u00fcndung des Besch\u00e4ftigungsverh\u00e4ltnisses, Art. 6 Abs. 1 S. 1 lit. b ) EU-DSGVO, Art. 88 Abs. 1 EU-DSGVO i.V.m. \u00a7 26 Abs. 1 BDSG.<\/p>\n\n\n\n<p>(3) Zweck<\/p>\n\n\n\n<p>Der Zweck der Datenverarbeitung liegt in der Durchf\u00fchrung des Bewerbungsverfahrens und der Anbahnung eines Besch\u00e4ftigungsverh\u00e4ltnisses.<\/p>\n\n\n\n<p>(4) Speicherdauer<\/p>\n\n\n\n<p>Ihre personenbezogenen Daten werden gel\u00f6scht oder gesperrt, sobald der Zweck der Verarbeitung entf\u00e4llt.<\/p>\n\n\n\n<p>F\u00fcr den Fall, dass wir mit Ihnen nach Abschluss des Bewerbungsverfahrens keinen Arbeitsvertrag abschlie\u00dfen, speichern wir Ihre Daten \u2013 vor einem weiteren Zugriff gesperrt \u2013 aufgrund der Diskriminierungsbeweislast bis zu 6 Monate nach Abschluss des Bewerbungsverfahrens, \u00a7\u00a7 21 Abs. 5, 22 AGG (Allgemeines Gleichbehandlungsgesetz).<\/p>\n\n\n\n<p>Schlie\u00dfen wir mit Ihnen nach Abschluss des Bewerbungsverfahrens einen Arbeitsvertrag ab und begr\u00fcnden damit ein Arbeitsverh\u00e4ltnis, speichern wir Ihre personenbezogenen Daten des Bewerbungsverfahrens bis zur Beendigung des Arbeitsverh\u00e4ltnisses.<\/p>\n\n\n\n<p>Eine Speicherung kann dar\u00fcber hinaus erfolgen, wenn dies durch den europ\u00e4ischen oder nationalen Gesetzgeber in unionsrechtlichen Verordnungen, Gesetzen oder sonstigen Vorschriften, denen wir unterliegen, vorgesehen wurde.<\/p>\n\n\n\n<p>(5) Widerspruchs- und Beseitigungsm\u00f6glichkeit<\/p>\n\n\n\n<p>Sie haben w\u00e4hrend des Bewerbungsverfahrens jederzeit die M\u00f6glichkeit den Widerruf Ihrer Einwilligung zu erkl\u00e4ren. In diesem Fall werden Ihre personenbezogenen Daten gel\u00f6scht. Jedoch k\u00f6nnen wir Sie daraufhin im Bewerbungsverfahren nicht weiter ber\u00fccksichtigen.<\/p>\n\n\n\n<p>Schlie\u00dfen wir mit Ihnen einen Arbeitsvertrag und begr\u00fcnden damit ein Arbeitsverh\u00e4ltnis, ist die Verarbeitung Ihrer personenbezogenen Daten zur Erf\u00fcllung des Arbeitsvertrages zwingend erforderlich. Es besteht folglich f\u00fcr Sie keine Widerspruchsm\u00f6glichkeit.<\/p>\n\n\n\n<p><strong>d. E-Mail-Kontakt<\/strong><\/p>\n\n\n\n<p>(1) Beschreibung und Umfang<\/p>\n\n\n\n<p>Im Rahmen der E-Mail-Kontaktaufnahme werden folgende personenbezogene Daten verarbeitet:<\/p>\n\n\n\n<p>\u2022 Vorname;<br>\u2022 Nachname;<br>\u2022 E-Mail-Adresse;<br>\u2022 Inhalt der Nachricht.<\/p>\n\n\n\n<p>(2) Rechtsgrundlage<\/p>\n\n\n\n<p>Berechtigtes Interesse, Art. 6 Abs. 1 S. 1 lit. f) EU-DSGVO.<\/p>\n\n\n\n<p>(3) Zweck<\/p>\n\n\n\n<p>Der Zweck der Datenverarbeitung liegt in der Bearbeitung Ihrer Anfrage.<\/p>\n\n\n\n<p>(4) Speicherdauer<\/p>\n\n\n\n<p>Ihre personenbezogenen Daten werden bis zum Zweckwegfall gespeichert. Dieser tritt in der Regel mit der Bearbeitung Ihrer Anfrage ein, sofern keine l\u00e4ngeren Aufbewahrungsfristen einschl\u00e4gig sind.<\/p>\n\n\n\n<p>(5) Widerspruchs- und Beseitigungsm\u00f6glichkeit<\/p>\n\n\n\n<p>Sie haben jederzeit die M\u00f6glichkeit, der Verarbeitung Ihrer personenbezogenen Daten im Rahmen der Kontaktaufnahme f\u00fcr die Zukunft zu widersprechen. In diesem Fall k\u00f6nnen wir Ihre Anfrage jedoch nicht weiterbearbeiten. Alle personenbezogenen Daten, die im Zuge der Kontaktaufnahme gespeichert wurden, werden in diesem Fall gel\u00f6scht, es sei denn, dass gesetzliche Aufbewahrungsfristen einer L\u00f6schung entgegenstehen. Dann erfolgt eine Sperrung Ihrer personenbezogenen Daten bis zum Ende der gesetzlichen Aufbewahrungsfristen.<\/p>\n\n\n\n<p><strong>2. Datenschutz und Recht<\/strong><\/p>\n\n\n\n<p><strong>a. Aus\u00fcbung Ihrer Betroffenenrechte nach Art. 12 ff. EU-DSGVO<\/strong><\/p>\n\n\n\n<p>(1) Beschreibung und Umfang<\/p>\n\n\n\n<p>Im Rahmen der Bearbeitung von Betroffenenrechten verarbeiten wir Ihre personenbezogenen Daten. Dabei verarbeiten wir Ihre in diesem Zusammenhang \u00fcbermittelten Kontaktdaten ausschlie\u00dflich zur Bearbeitung und Beantwortung Ihrer Nachricht und der anschlie\u00dfenden Dokumentation der gesetzeskonformen Bearbeitung im Rahmen unserer Rechenschaftspflicht.<\/p>\n\n\n\n<p>Im Rahmen der Bearbeitung von Betroffenenrechten werden folgende personenbezogene Daten verarbeitet:<\/p>\n\n\n\n<p>\u2022 Vorname;<br>\u2022 Nachname;<br>\u2022 Postanschrift;<br>\u2022 E-Mail-Adresse;<br>\u2022 Telefonnummer.<\/p>\n\n\n\n<p>(2) Rechtsgrundlage<\/p>\n\n\n\n<p>Rechtliche Pflicht, Art. 6 Abs. 1 S. 1 lit. c) i.V.m. Art. 12 ff. EU-DSGVO.<\/p>\n\n\n\n<p>Berechtigtes Interesse f\u00fcr die anschlie\u00dfende Dokumentation, Art. 6 Abs. 1 S. 1 lit. f) EU-DSGVO.<\/p>\n\n\n\n<p>(3) Zweck<\/p>\n\n\n\n<p>Gesetzeskonforme Bearbeitung Ihrer datenschutzrechtlichen Betroffenenrechte.<\/p>\n\n\n\n<p>(4) Speicherdauer<\/p>\n\n\n\n<p>3 Jahre nach Abschluss der Bearbeitung des jeweiligen Vorgangs, \u00a7 41 BDSG i.V.m. \u00a7 31 Abs. 2 Nr. 1 OWIG.<\/p>\n\n\n\n<p>(5) Widerspruchs- und Beseitigungsm\u00f6glichkeit<\/p>\n\n\n\n<p>Sie haben jederzeit die M\u00f6glichkeit, der Verarbeitung Ihrer personenbezogenen Daten im Rahmen der Bearbeitung Ihrer Betroffenenrechte f\u00fcr die Zukunft zu widersprechen. In diesem Fall k\u00f6nnen wir Ihre datenschutzrechtlichen Betroffenenrechte jedoch nicht weiterbearbeiten.<\/p>\n\n\n\n<p>Die Dokumentation der gesetzeskonformen Bearbeitung der jeweiligen Bearbeitung Ihrer Betroffenenrechte ist zwingend erforderlich. Es besteht folglich f\u00fcr Sie keine Widerspruchsm\u00f6glichkeit.<\/p>\n\n\n\n<p><strong>b. Rechtsverteidigung und -durchsetzung<\/strong><\/p>\n\n\n\n<p>(1) Beschreibung und Umfang<\/p>\n\n\n\n<p>Ihre personenbezogenen Daten werden von uns verarbeitet, wenn Sie rechtliche Anspr\u00fcche gegen uns geltend machen oder wir Anspr\u00fcche und Rechte gegen Sie geltend machen.<\/p>\n\n\n\n<p>(2) Rechtsgrundlage<\/p>\n\n\n\n<p>Berechtigtes Interesse, Art. 6 Abs. 1 S. 1 lit. f) EU-DSGVO.<\/p>\n\n\n\n<p>(3) Zweck<\/p>\n\n\n\n<p>Der Zweck der Datenverarbeitung liegt in der Abwehr unberechtigter Inanspruchnahmen und der rechtlichen Durchsetzung und Geltendmachung von Anspr\u00fcchen und Rechten.<\/p>\n\n\n\n<p>Hierin liegt auch unser berechtigtes Interesse.<\/p>\n\n\n\n<p>(4) Speicherdauer<\/p>\n\n\n\n<p>Ihre personenbezogenen Daten werden bis zum Zweckwegfall gespeichert. Dies ist in der Regel mit Rechtskraft der jeweiligen Entscheidung gegeben.<\/p>\n\n\n\n<p>(5) Widerspruchs- und Beseitigungsm\u00f6glichkeit<\/p>\n\n\n\n<p>Die Verarbeitung Ihrer personenbezogenen Daten im Rahmen der Rechtsverteidigung und -durchsetzung ist f\u00fcr die Rechtsverteidigung und -durchsetzung zwingend erforderlich. Es besteht folglich f\u00fcr Sie keine Widerspruchsm\u00f6glichkeit.<\/p>\n\n\n\n<p><strong>VIII. Ihre Rechte<\/strong><\/p>\n\n\n\n<p>Folgende Rechte stehen Ihnen uns gegen\u00fcber zu:<\/p>\n\n\n\n<p><strong>1. Recht auf Auskunft<\/strong><\/p>\n\n\n\n<p>Sie haben ein Recht auf Auskunft dar\u00fcber, ob und welche personenbezogenen Daten von Ihnen durch uns verarbeitet werden. In diesem Fall informieren wir Sie zus\u00e4tzlich \u00fcber<\/p>\n\n\n\n<p>(1) den Verarbeitungszweck;<br>(2) die Datenkategorien;<br>(3) die Empf\u00e4nger Ihrer personenbezogenen Daten;<br>(4) die geplante Speicherdauer bzw. die Kriterien f\u00fcr die geplante Speicherdauer;<br>(5) Ihre weiteren Rechte;<br>(6) sofern nicht Sie uns Ihre personenbezogenen Daten mitgeteilt haben: Alle verf\u00fcgbaren Informationen \u00fcber deren Herkunft;<br>(7) sofern vorhanden: das Bestehen einer automatisierten Entscheidungsfindung sowie Informationen \u00fcber die involvierte Logik, die Tragweite und die angestrebten Auswirkungen der Verarbeitung.<\/p>\n\n\n\n<p><strong>2. Recht auf Berichtigung<\/strong><\/p>\n\n\n\n<p>Sie haben ein Recht auf Berichtigung und\/oder Vervollst\u00e4ndigung, sofern Ihre von uns verarbeiteten personenbezogenen Daten unrichtig oder unvollst\u00e4ndig sind.<\/p>\n\n\n\n<p><strong>3. Recht auf Einschr\u00e4nkung der Verarbeitung<\/strong><\/p>\n\n\n\n<p>Sie haben ein Recht auf Einschr\u00e4nkung der Verarbeitung, sofern<\/p>\n\n\n\n<p>(1) wir die Richtigkeit Ihrer von uns verarbeiteten personenbezogenen Daten \u00fcberpr\u00fcfen;<br>(2) die Verarbeitung Ihrer personenbezogenen Daten unrechtm\u00e4\u00dfig ist;<br>(3) Sie Ihre von uns verarbeiteten personenbezogenen Daten nach Zweckwegfall zur Rechtsverfolgung ben\u00f6tigen;<br>(4) Sie Widerspruch gegen die Verarbeitung Ihrer personenbezogenen Daten eingelegt haben und wir diesen Widerspruch pr\u00fcfen.<\/p>\n\n\n\n<p><strong>4. Recht auf L\u00f6schung<\/strong><\/p>\n\n\n\n<p>Sie haben ein Recht auf L\u00f6schung, sofern<\/p>\n\n\n\n<p>(1) wir Ihre personenbezogenen Daten f\u00fcr ihren urspr\u00fcnglichen Verwendungszweck nicht mehr ben\u00f6tigen;<br>(2) Sie Ihre Einwilligung widerrufen und es keine weitere Rechtsgrundlage f\u00fcr die Verarbeitung ihrer personenbezogenen Daten gibt;<br>(3) Sie Widerspruch gegen die Verarbeitung Ihrer personenbezogenen Daten einlegen und \u2013 sofern es sich nicht um Direktmarketing handelt \u2013 keine vorrangigen Gr\u00fcnde f\u00fcr die Weiterverarbeitung vorliegen;<br>(4) die Verarbeitung Ihrer personenbezogenen Daten unrechtm\u00e4\u00dfig ist;<br>(5) die L\u00f6schung Ihrer personenbezogenen Daten gesetzlich gefordert ist;<br>(6) Ihre personenbezogenen Daten als Minderj\u00e4hriger f\u00fcr Dienste der Informationsgesellschaft erhoben wurden.<\/p>\n\n\n\n<p><strong>5. Recht auf Unterrichtung<\/strong><\/p>\n\n\n\n<p>Sofern Sie Ihr Recht auf Berichtigung, L\u00f6schung oder Einschr\u00e4nkung der Verarbeitung geltend gemacht haben, werden wir allen Empf\u00e4ngern Ihrer personenbezogenen Daten, diese Berichtigung, L\u00f6schung der Daten oder Einschr\u00e4nkung der Verarbeitung mitteilen.<\/p>\n\n\n\n<p><strong>6. Recht auf Daten\u00fcbertragbarkeit<\/strong><\/p>\n\n\n\n<p>Sie haben ein Recht Ihre von uns auf Grundlage einer Einwilligung oder zur Vertragsdurchf\u00fchrung verarbeiteten personenbezogenen Daten in einem strukturierten, g\u00e4ngigen und maschinenlesbaren Format zu erhalten und an einen anderen Verantwortlichen zu \u00fcbermitteln. Sofern dies technisch machbar ist, haben Sie das Recht, dass wir diese Daten direkt an einen anderen Verantwortlichen \u00fcbermitteln.<\/p>\n\n\n\n<p><strong>7. Widerspruchsrecht<\/strong><\/p>\n\n\n\n<p>Sie haben im Fall von besonderen Gr\u00fcnden ein Recht auf Widerspruch gegen die Verarbeitung Ihrer personenbezogenen Daten. In diesem Fall verarbeiten wir Ihre personenbezogenen Daten nicht mehr, es sei denn, wir k\u00f6nnen zwingende schutzw\u00fcrdige Gr\u00fcnde f\u00fcr die Verarbeitung nachweisen.<\/p>\n\n\n\n<p>Im Fall einer Verarbeitung Ihrer personenbezogenen Daten zum Zwecke des Direktmarketings haben Sie jederzeit ein Recht auf Widerspruch.<\/p>\n\n\n\n<p><strong>8. Recht auf Widerruf<\/strong><\/p>\n\n\n\n<p>Sie haben das Recht, eine uns gegen\u00fcber erkl\u00e4rte Einwilligung jederzeit zu widerrufen. Durch den Widerruf der Einwilligung wird die Rechtm\u00e4\u00dfigkeit von vorangegangenen Verarbeitungen auf Grundlage der Einwilligung nicht ber\u00fchrt.<\/p>\n\n\n\n<p><strong>9. Recht auf Beschwerde bei einer Aufsichtsbeh\u00f6rde<\/strong><\/p>\n\n\n\n<p>Unbeschadet eines anderweitigen verwaltungsrechtlichen oder gerichtlichen Rechtsbehelfs steht Ihnen das Recht auf Beschwerde bei der zust\u00e4ndigen Aufsichtsbeh\u00f6rde zu, wenn Sie der Ansicht sind, dass die Verarbeitung Ihrer personenbezogenen Daten durch uns gegen die EU-DSGVO verst\u00f6\u00dft.<\/p>\n\n\n\n<p>Zust\u00e4ndige Aufsichtsbeh\u00f6rde f\u00fcr uns ist:<br><br>Die Landesbeauftragte f\u00fcr Datenschutz und Informationsfreiheit<br>Arndtstra\u00dfe 1<br>27570 Bremerhaven<\/p>\n\n\n\n<p>Tel.: +49 471 596 2010 oder +49 421 361 2010<br>E-Mail: <a href=\"mailto:office@datenschutz.bremen.de\">office@datenschutz.bremen.de<\/a><\/p>\n","protected":false},"excerpt":{"rendered":"<p>Informationspflichten nach Art. 12 ff. EU-DSGVO I. Name und Kontaktdaten des Verantwortlichen Verantwortlicher im Sinne des Art. 4 Nr. 7 DSGVO, an den Sie sich bei Fragen oder einem anderen Anliegen zum Datenschutz wenden k\u00f6nnen, ist: GMC Gr\u00f6mitzer Motoryachtclub e.VVertreden durch den Vorstand gem. \u00a726 BGBPeter Menning, 1. VorsitzendePetra Steuber, 2. VorsitzendeWolfgang N\u00f6tzel, SchatzmeisterNico Polzin, [&hellip;]<\/p>\n","protected":false},"author":1,"featured_media":0,"parent":0,"menu_order":0,"comment_status":"closed","ping_status":"open","template":"","meta":{"footnotes":""},"class_list":["post-3","page","type-page","status-publish","hentry"],"_links":{"self":[{"href":"https:\/\/neu.gmc-ev.de\/index.php?rest_route=\/wp\/v2\/pages\/3","targetHints":{"allow":["GET"]}}],"collection":[{"href":"https:\/\/neu.gmc-ev.de\/index.php?rest_route=\/wp\/v2\/pages"}],"about":[{"href":"https:\/\/neu.gmc-ev.de\/index.php?rest_route=\/wp\/v2\/types\/page"}],"author":[{"embeddable":true,"href":"https:\/\/neu.gmc-ev.de\/index.php?rest_route=\/wp\/v2\/users\/1"}],"replies":[{"embeddable":true,"href":"https:\/\/neu.gmc-ev.de\/index.php?rest_route=%2Fwp%2Fv2%2Fcomments&post=3"}],"version-history":[{"count":1,"href":"https:\/\/neu.gmc-ev.de\/index.php?rest_route=\/wp\/v2\/pages\/3\/revisions"}],"predecessor-version":[{"id":26,"href":"https:\/\/neu.gmc-ev.de\/index.php?rest_route=\/wp\/v2\/pages\/3\/revisions\/26"}],"wp:attachment":[{"href":"https:\/\/neu.gmc-ev.de\/index.php?rest_route=%2Fwp%2Fv2%2Fmedia&parent=3"}],"curies":[{"name":"wp","href":"https:\/\/api.w.org\/{rel}","templated":true}]}}