{"id":37,"date":"2024-02-08T22:03:02","date_gmt":"2024-02-08T21:03:02","guid":{"rendered":"https:\/\/neu.gmc-ev.de\/?page_id=37"},"modified":"2024-02-28T23:06:56","modified_gmt":"2024-02-28T22:06:56","slug":"gmc-jugend","status":"publish","type":"page","link":"https:\/\/neu.gmc-ev.de\/?page_id=37","title":{"rendered":"GMC Jugend"},"content":{"rendered":"\n<div class=\"wp-block-group alignfull has-global-padding is-layout-constrained wp-container-core-group-is-layout-490fa1db wp-block-group-is-layout-constrained\" style=\"padding-top:var(--wp--preset--spacing--50);padding-right:var(--wp--preset--spacing--50);padding-bottom:var(--wp--preset--spacing--50);padding-left:var(--wp--preset--spacing--50)\">\n<div class=\"wp-block-group has-global-padding is-layout-constrained wp-container-core-group-is-layout-650790e1 wp-block-group-is-layout-constrained\">\n<h1 class=\"wp-block-heading has-text-align-center has-x-large-font-size\">Habt Ihr nicht Lust, zu uns zu kommen?<\/h1>\n\n\n\n<div style=\"height:1.25rem\" aria-hidden=\"true\" class=\"wp-block-spacer\"><\/div>\n\n\n\n<p class=\"has-text-align-center\">Wir, die Bivis (Kurzbezeichnung f\u00fcr bis Vierzig) und Uhus (Kurzbezeichnung f\u00fcr unter Hundert) des GMC, m\u00f6chten Euch recht herzlich dazu einladen, an unserem Clubleben teilzuhaben.<br><br>Mit euch wollen wir spannende Dinge machen, mit Euren Schlauchbooten Wettfahrten veranstalten und viele andere Dinge planen und durchf\u00fchren, damit auch Euer Urlaub im Yachthafen zu einem Erlebnis wird.<br><br>Je mehr von euch Interesse zeigen, umso mehr k\u00f6nnen wir unser Programm auf Euch einstellen und mal Aussergew\u00f6hnliches auf die Beine stellen.<br><br>Also, sollten Eure Eltern noch keine Anmledung f\u00fcr Euch abgegeben haben, nervt sie so lange, bis Ihr endlich auch mit eingetragen seid und Euch zu unseren Aktivit\u00e4ten einladen k\u00f6nnen.<\/p>\n\n\n\n<div style=\"height:1.25rem\" aria-hidden=\"true\" class=\"wp-block-spacer\"><\/div>\n<\/div>\n\n\n\n<div style=\"height:var(--wp--preset--spacing--30)\" aria-hidden=\"true\" class=\"wp-block-spacer\"><\/div>\n\n\n\n<figure class=\"wp-block-image alignwide size-full is-style-rounded is-style-rounded--1\"><img loading=\"lazy\" decoding=\"async\" width=\"1500\" height=\"689\" src=\"https:\/\/neu.gmc-ev.de\/wp-content\/uploads\/2024\/02\/Luftbild-YA-modified.png\" alt=\"\" class=\"wp-image-38\"\/><\/figure>\n<\/div>\n","protected":false},"excerpt":{"rendered":"<p>Habt Ihr nicht Lust, zu uns zu kommen? Wir, die Bivis (Kurzbezeichnung f\u00fcr bis Vierzig) und Uhus (Kurzbezeichnung f\u00fcr unter Hundert) des GMC, m\u00f6chten Euch recht herzlich dazu einladen, an unserem Clubleben teilzuhaben. Mit euch wollen wir spannende Dinge machen, mit Euren Schlauchbooten Wettfahrten veranstalten und viele andere Dinge planen und durchf\u00fchren, damit auch Euer [&hellip;]<\/p>\n","protected":false},"author":1,"featured_media":0,"parent":0,"menu_order":0,"comment_status":"closed","ping_status":"closed","template":"","meta":{"footnotes":""},"class_list":["post-37","page","type-page","status-publish","hentry"],"_links":{"self":[{"href":"https:\/\/neu.gmc-ev.de\/index.php?rest_route=\/wp\/v2\/pages\/37","targetHints":{"allow":["GET"]}}],"collection":[{"href":"https:\/\/neu.gmc-ev.de\/index.php?rest_route=\/wp\/v2\/pages"}],"about":[{"href":"https:\/\/neu.gmc-ev.de\/index.php?rest_route=\/wp\/v2\/types\/page"}],"author":[{"embeddable":true,"href":"https:\/\/neu.gmc-ev.de\/index.php?rest_route=\/wp\/v2\/users\/1"}],"replies":[{"embeddable":true,"href":"https:\/\/neu.gmc-ev.de\/index.php?rest_route=%2Fwp%2Fv2%2Fcomments&post=37"}],"version-history":[{"count":3,"href":"https:\/\/neu.gmc-ev.de\/index.php?rest_route=\/wp\/v2\/pages\/37\/revisions"}],"predecessor-version":[{"id":132,"href":"https:\/\/neu.gmc-ev.de\/index.php?rest_route=\/wp\/v2\/pages\/37\/revisions\/132"}],"wp:attachment":[{"href":"https:\/\/neu.gmc-ev.de\/index.php?rest_route=%2Fwp%2Fv2%2Fmedia&parent=37"}],"curies":[{"name":"wp","href":"https:\/\/api.w.org\/{rel}","templated":true}]}}